{"id":153,"date":"2023-05-16T14:35:37","date_gmt":"2023-05-16T14:35:37","guid":{"rendered":"https:\/\/www.hcilab.org\/ai-meets-entrepreneurs\/?page_id=153"},"modified":"2023-11-20T14:38:17","modified_gmt":"2023-11-20T14:38:17","slug":"towards-food-security","status":"publish","type":"page","link":"https:\/\/www.hcilab.org\/ai-meets-entrepreneurs\/towards-food-security\/","title":{"rendered":"AI meets Entrepreneurs: Impact Bootcamp towards Food Security &#038; Nutrition"},"content":{"rendered":"\n<figure class=\"wp-block-image aligncenter size-large\"><img loading=\"lazy\" decoding=\"async\" width=\"1024\" height=\"574\" src=\"https:\/\/www.hcilab.org\/ai-meets-entrepreneurs\/wp-content\/uploads\/sites\/3\/2023\/01\/ai-g50c7cda2a_1920-1024x574.jpg\" alt=\"\" class=\"wp-image-123\" srcset=\"https:\/\/www.hcilab.org\/ai-meets-entrepreneurs\/wp-content\/uploads\/sites\/3\/2023\/01\/ai-g50c7cda2a_1920-1024x574.jpg 1024w, https:\/\/www.hcilab.org\/ai-meets-entrepreneurs\/wp-content\/uploads\/sites\/3\/2023\/01\/ai-g50c7cda2a_1920-300x168.jpg 300w, https:\/\/www.hcilab.org\/ai-meets-entrepreneurs\/wp-content\/uploads\/sites\/3\/2023\/01\/ai-g50c7cda2a_1920-768x430.jpg 768w, https:\/\/www.hcilab.org\/ai-meets-entrepreneurs\/wp-content\/uploads\/sites\/3\/2023\/01\/ai-g50c7cda2a_1920-1536x861.jpg 1536w, https:\/\/www.hcilab.org\/ai-meets-entrepreneurs\/wp-content\/uploads\/sites\/3\/2023\/01\/ai-g50c7cda2a_1920.jpg 1920w\" sizes=\"auto, (max-width: 1024px) 100vw, 1024px\" \/><\/figure>\n\n\n\n<div class=\"wp-block-columns is-layout-flex wp-container-core-columns-is-layout-28f84493 wp-block-columns-is-layout-flex\">\n<div class=\"wp-block-column is-layout-flow wp-block-column-is-layout-flow\">\n<p>November 17., 2023<br>Freskensaal @ LMU Main Building<br>Ludwigstra\u00dfe 28, 80539 Munich<br>(close to Geschwister-Scholl-Platz 1)<\/p>\n<\/div>\n\n\n\n<div class=\"wp-block-column is-layout-flow wp-block-column-is-layout-flow\">\n<p>November 18., 2023<br>Netlight Office M\u00fcnchen<br>Prannerstra\u00dfe 4, 80333 Munich<\/p>\n<\/div>\n<\/div>\n\n\n\n<p><strong>Organizers:<br><\/strong>Munich Center for Machine Learning (<a rel=\"noreferrer noopener\" href=\"https:\/\/www.linkedin.com\/in\/thomas-meier-340721203\" target=\"_blank\">Dr. Thomas Meier<\/a>, <a rel=\"noreferrer noopener\" href=\"https:\/\/www.medien.ifi.lmu.de\/team\/luke.haliburton\/\" target=\"_blank\">Luke Haliburton<\/a>)<br>ZD.B \/ LMU Media Informatics Group (<a rel=\"noreferrer noopener\" href=\"https:\/\/uni.ubicomp.net\/as\/\" target=\"_blank\">Prof. Albrecht Schmidt<\/a>, <a rel=\"noreferrer noopener\" href=\"https:\/\/www.en.um.informatik.uni-muenchen.de\/people\/employees\/rasch\/index.html\" target=\"_blank\">Julian Rasch<\/a>)<br>impACTup! (<a rel=\"noreferrer noopener\" href=\"https:\/\/www.iec.uni-muenchen.de\/about\/our-team\/dominik-domnik\/index.html\" data-type=\"URL\" data-id=\"https:\/\/www.iec.uni-muenchen.de\/about\/our-team\/dominik-domnik\/index.html\" target=\"_blank\">Dr. Dominik Domnik<\/a>, <a rel=\"noreferrer noopener\" href=\"https:\/\/www.som.lmu.de\/de\/fakultaet\/personenuebersicht\/kontaktseite\/salvi.html\" data-type=\"URL\" data-id=\"https:\/\/www.som.lmu.de\/de\/fakultaet\/personenuebersicht\/kontaktseite\/salvi.html\" target=\"_blank\">Dr. Esther Salvi<\/a>, <a rel=\"noreferrer noopener\" href=\"https:\/\/www.uni-augsburg.de\/de\/fakultaet\/wiwi\/prof\/bwl\/lehmann\/team\/konstantin-leidinger\/\" target=\"_blank\">Konstantin Leidinger<\/a>)<br>Netlight Consulting GmbH (<a rel=\"noreferrer noopener\" href=\"https:\/\/de.linkedin.com\/in\/moritz-hochholzner\" data-type=\"URL\" data-id=\"https:\/\/de.linkedin.com\/in\/moritz-hochholzner\" target=\"_blank\">Moritz Hochholzner<\/a>)<br>Contact: <a rel=\"noreferrer noopener\" href=\"https:\/\/www.en.um.informatik.uni-muenchen.de\/people\/employees\/rasch\/index.html\" target=\"_blank\">Julian Rasch<\/a><\/p>\n\n\n\n<p><strong>Outline<\/strong>:<br>With this two-part event, we aim to shift researchers and students in Machine Learning and Artificial Intelligence into an <strong>Entrepreneurial Mindset<\/strong>. With input from experts and hands-on experience, we want to highlight the chances and risks that a career as a founder and entrepreneur can hold in contrast to research.<\/p>\n\n\n\n<p>This edition of our event aims to unlock the potential of <strong>Start-Ups utilizing AI to ensure food security<\/strong>. But what is food security exactly? According to the <a rel=\"noreferrer noopener\" href=\"https:\/\/www.fao.org\/3\/al936e\/al936e00.pdf\" target=\"_blank\">1996 World Food Summit<\/a> &#8220;Food security exists when all people, at all times, have physical and economic access to sufficient safe and nutritious food that meets their dietary needs and food preferences for an active and healthy life.&#8221;<\/p>\n\n\n\n<p>Our Keynote speakers are AI Researchers, Entrepreneurs and Start-up Founders. While Friday offers insights through Keynotes and Discussion, Saturday challenges participants to develop their own ideas leveraging AI to <strong>ensure food safety, quality, supply, and avoidance of food waste<\/strong>. At the end of the day, the groups will pitch their Start-Up ideas to our highly qualified jury from industry and university.<\/p>\n\n\n\n<h3 class=\"wp-block-heading\">Preliminary Agenda<\/h3>\n\n\n\n<p><strong>Friday (Keynotes) @ LMU Main Building<\/strong><br>17:00 Welcome by Prof. Albrecht Schmidt &amp; Dr. Thomas Meier<br>17:10 Keynote by <a rel=\"noreferrer noopener\" href=\"https:\/\/www.geographie.uni-muenchen.de\/department\/fiona\/personen\/index.php?personen_details=1&amp;user_id=121\" data-type=\"URL\" data-id=\"https:\/\/www.geographie.uni-muenchen.de\/department\/fiona\/personen\/index.php?personen_details=1&amp;user_id=121\" target=\"_blank\">Dr. Florian Zabel<\/a> &#8220;Climate Change Impacts on Global Food Security &#8211; why we need AI&#8221;<br>17:35 Keynote by <a rel=\"noreferrer noopener\" href=\"https:\/\/www.som.lmu.de\/de\/fakultaet\/personenuebersicht\/kontaktseite\/feuerriegel.html\" data-type=\"URL\" data-id=\"https:\/\/www.som.lmu.de\/de\/fakultaet\/personenuebersicht\/kontaktseite\/feuerriegel.html\" target=\"_blank\">Prof. Stefan Feuerriegel<\/a> &#8220;Causal Machine Learning for Allocating Development Aid to End Hunger&#8221;<br>18:00 Pitches by AI Food Start-Ups <a rel=\"noreferrer noopener\" href=\"https:\/\/patzm.notion.site\/Fungtional-a276c872aa1146438e3f7ec493c33b79\" data-type=\"URL\" data-id=\"https:\/\/patzm.notion.site\/Fungtional-a276c872aa1146438e3f7ec493c33b79\" target=\"_blank\">Fungtional<\/a> &amp; <a rel=\"noreferrer noopener\" href=\"https:\/\/www.hospichef.com\" data-type=\"URL\" data-id=\"https:\/\/www.hospichef.com\" target=\"_blank\">Hospichef<\/a><br>18:30 Problem Introduction for Hackathon<br>18:45 Break<br>19:00 Breakout Discussions &amp; Team Formation <br>19:45 Open End with Pizza &amp; Drinks<\/p>\n\n\n\n<p><strong>Saturday (Hackathon) @ Netlight Offices<br><\/strong>10:00 Welcome by Netlight Consulting GmbH<br>10:30 ImpACTup! Keynote<br>11:00 Work on Topics<br>11:45 Pitch Madness<br>12:00 Lunch Break (provided by Netlight)<br>13:00 Work on Topics<br>15:00 Input by Startup Mentor <a rel=\"noreferrer noopener\" href=\"https:\/\/de.linkedin.com\/in\/boris-lyubenov\" data-type=\"URL\" data-id=\"https:\/\/de.linkedin.com\/in\/boris-lyubenov\" target=\"_blank\">Boris Lyubenov<\/a><br>15:30 Work on Topics<br>17:00 Pitch Projects to Jury<br>17:45 Awards<br>18:00 Closing Inspiration on \u201cLeadership in Start-Ups\u201d<br>18:15 Connect Researchers, Students and Industry<\/p>\n\n\n\n<p><strong>Jury:<br><\/strong>Our Jury of highly qualified people from industry and university will evaluate the project pitches of the groups.<\/p>\n\n\n\n<div class=\"wp-block-columns is-layout-flex wp-container-core-columns-is-layout-28f84493 wp-block-columns-is-layout-flex\">\n<div class=\"wp-block-column is-layout-flow wp-block-column-is-layout-flow\">\n<figure class=\"wp-block-image aligncenter size-full is-resized has-custom-border is-style-rounded\"><img loading=\"lazy\" decoding=\"async\" src=\"https:\/\/www.hcilab.org\/ai-meets-entrepreneurs\/wp-content\/uploads\/sites\/3\/2023\/10\/Dominik-Domnik.png\" alt=\"\" class=\"wp-image-202\" style=\"border-radius:0px\" width=\"200\" height=\"200\" srcset=\"https:\/\/www.hcilab.org\/ai-meets-entrepreneurs\/wp-content\/uploads\/sites\/3\/2023\/10\/Dominik-Domnik.png 428w, https:\/\/www.hcilab.org\/ai-meets-entrepreneurs\/wp-content\/uploads\/sites\/3\/2023\/10\/Dominik-Domnik-300x300.png 300w, https:\/\/www.hcilab.org\/ai-meets-entrepreneurs\/wp-content\/uploads\/sites\/3\/2023\/10\/Dominik-Domnik-150x150.png 150w\" sizes=\"auto, (max-width: 200px) 100vw, 200px\" \/><figcaption class=\"wp-element-caption\"><a rel=\"noreferrer noopener\" href=\"https:\/\/www.iec.uni-muenchen.de\/about\/our-team\/dominik-domnik\/index.html\" data-type=\"URL\" data-id=\"https:\/\/www.iec.uni-muenchen.de\/about\/our-team\/dominik-domnik\/index.html\" target=\"_blank\">Dr. Dominik Domnik<\/a><br>Managing Director<br>LMU IEC<\/figcaption><\/figure>\n<\/div>\n\n\n\n<div class=\"wp-block-column is-layout-flow wp-block-column-is-layout-flow\">\n<figure class=\"wp-block-image aligncenter size-full is-resized is-style-rounded\"><img loading=\"lazy\" decoding=\"async\" src=\"https:\/\/www.hcilab.org\/ai-meets-entrepreneurs\/wp-content\/uploads\/sites\/3\/2023\/11\/1693151814294-1.jpeg\" alt=\"\" class=\"wp-image-213\" width=\"200\" height=\"200\" srcset=\"https:\/\/www.hcilab.org\/ai-meets-entrepreneurs\/wp-content\/uploads\/sites\/3\/2023\/11\/1693151814294-1.jpeg 310w, https:\/\/www.hcilab.org\/ai-meets-entrepreneurs\/wp-content\/uploads\/sites\/3\/2023\/11\/1693151814294-1-300x300.jpeg 300w, https:\/\/www.hcilab.org\/ai-meets-entrepreneurs\/wp-content\/uploads\/sites\/3\/2023\/11\/1693151814294-1-150x150.jpeg 150w\" sizes=\"auto, (max-width: 200px) 100vw, 200px\" \/><figcaption class=\"wp-element-caption\"><a href=\"https:\/\/www.linkedin.com\/in\/wenceslao-villegas\/\"><\/a><a href=\"https:\/\/www.google.com\/url?sa=t&amp;rct=j&amp;q=&amp;esrc=s&amp;source=web&amp;cd=&amp;cad=rja&amp;uact=8&amp;ved=2ahUKEwiH45rQ57aCAxVzVPEDHTsSAPkQFnoECBgQAQ&amp;url=https%3A%2F%2Fde.linkedin.com%2Fin%2Fwenceslao-villegas%2Fde&amp;usg=AOvVaw3oS6tOZgBxjkUMnpKm3Rqn&amp;opi=89978449\">Wenceslao Villegas<\/a><br>Data Consultant<br>Netlight Consulting GmbH<\/figcaption><\/figure>\n<\/div>\n\n\n\n<div class=\"wp-block-column is-layout-flow wp-block-column-is-layout-flow\">\n<figure class=\"wp-block-image aligncenter size-large is-resized\"><img loading=\"lazy\" decoding=\"async\" src=\"https:\/\/www.hcilab.org\/ai-meets-entrepreneurs\/wp-content\/uploads\/sites\/3\/2022\/12\/Stefan_Feuerriegel-1024x1024.png\" alt=\"\" class=\"wp-image-97\" width=\"200\" height=\"200\" srcset=\"https:\/\/www.hcilab.org\/ai-meets-entrepreneurs\/wp-content\/uploads\/sites\/3\/2022\/12\/Stefan_Feuerriegel-1024x1024.png 1024w, https:\/\/www.hcilab.org\/ai-meets-entrepreneurs\/wp-content\/uploads\/sites\/3\/2022\/12\/Stefan_Feuerriegel-300x300.png 300w, https:\/\/www.hcilab.org\/ai-meets-entrepreneurs\/wp-content\/uploads\/sites\/3\/2022\/12\/Stefan_Feuerriegel-150x150.png 150w, https:\/\/www.hcilab.org\/ai-meets-entrepreneurs\/wp-content\/uploads\/sites\/3\/2022\/12\/Stefan_Feuerriegel-768x768.png 768w, https:\/\/www.hcilab.org\/ai-meets-entrepreneurs\/wp-content\/uploads\/sites\/3\/2022\/12\/Stefan_Feuerriegel.png 1112w\" sizes=\"auto, (max-width: 200px) 100vw, 200px\" \/><figcaption class=\"wp-element-caption\"><a rel=\"noreferrer noopener\" href=\"https:\/\/www.ai.bwl.uni-muenchen.de\/personen\/professoren\/feuerriegel\/index.html\" target=\"_blank\">Prof. Stefan Feuerriegel<br><\/a>Institute of AI in Management<br>LMU Munich<\/figcaption><\/figure>\n<\/div>\n<\/div>\n\n\n\n<div class=\"wp-block-columns is-layout-flex wp-container-core-columns-is-layout-28f84493 wp-block-columns-is-layout-flex\">\n<div class=\"wp-block-column is-layout-flow wp-block-column-is-layout-flow\">\n<figure class=\"wp-block-image aligncenter size-large is-resized is-style-rounded\"><img loading=\"lazy\" decoding=\"async\" src=\"https:\/\/www.hcilab.org\/ai-meets-entrepreneurs\/wp-content\/uploads\/sites\/3\/2023\/08\/Susan_Lindner-edited-1.png\" alt=\"\" class=\"wp-image-192\" width=\"200\" height=\"200\" srcset=\"https:\/\/www.hcilab.org\/ai-meets-entrepreneurs\/wp-content\/uploads\/sites\/3\/2023\/08\/Susan_Lindner-edited-1.png 1080w, https:\/\/www.hcilab.org\/ai-meets-entrepreneurs\/wp-content\/uploads\/sites\/3\/2023\/08\/Susan_Lindner-edited-1-300x300.png 300w, https:\/\/www.hcilab.org\/ai-meets-entrepreneurs\/wp-content\/uploads\/sites\/3\/2023\/08\/Susan_Lindner-edited-1-1024x1024.png 1024w, https:\/\/www.hcilab.org\/ai-meets-entrepreneurs\/wp-content\/uploads\/sites\/3\/2023\/08\/Susan_Lindner-edited-1-150x150.png 150w, https:\/\/www.hcilab.org\/ai-meets-entrepreneurs\/wp-content\/uploads\/sites\/3\/2023\/08\/Susan_Lindner-edited-1-768x768.png 768w\" sizes=\"auto, (max-width: 200px) 100vw, 200px\" \/><figcaption class=\"wp-element-caption\"><a rel=\"noreferrer noopener\" href=\"https:\/\/www.bayern-innovativ.de\/en\/contact\/susan-lindner\" target=\"_blank\">Dr. Susan Lindner<br><\/a>Head of Digitalization<br>Bayern Innovativ<\/figcaption><\/figure>\n<\/div>\n\n\n\n<div class=\"wp-block-column is-layout-flow wp-block-column-is-layout-flow\">\n<figure class=\"wp-block-image aligncenter size-large is-resized is-style-rounded\"><img loading=\"lazy\" decoding=\"async\" src=\"https:\/\/www.hcilab.org\/ai-meets-entrepreneurs\/wp-content\/uploads\/sites\/3\/2023\/08\/Andreas-Gillhuber-1024x1024.jpg\" alt=\"\" class=\"wp-image-182\" width=\"200\" height=\"200\" srcset=\"https:\/\/www.hcilab.org\/ai-meets-entrepreneurs\/wp-content\/uploads\/sites\/3\/2023\/08\/Andreas-Gillhuber-1024x1024.jpg 1024w, https:\/\/www.hcilab.org\/ai-meets-entrepreneurs\/wp-content\/uploads\/sites\/3\/2023\/08\/Andreas-Gillhuber-300x300.jpg 300w, https:\/\/www.hcilab.org\/ai-meets-entrepreneurs\/wp-content\/uploads\/sites\/3\/2023\/08\/Andreas-Gillhuber-150x150.jpg 150w, https:\/\/www.hcilab.org\/ai-meets-entrepreneurs\/wp-content\/uploads\/sites\/3\/2023\/08\/Andreas-Gillhuber-768x768.jpg 768w, https:\/\/www.hcilab.org\/ai-meets-entrepreneurs\/wp-content\/uploads\/sites\/3\/2023\/08\/Andreas-Gillhuber-1536x1536.jpg 1536w, https:\/\/www.hcilab.org\/ai-meets-entrepreneurs\/wp-content\/uploads\/sites\/3\/2023\/08\/Andreas-Gillhuber.jpg 1573w\" sizes=\"auto, (max-width: 200px) 100vw, 200px\" \/><figcaption class=\"wp-element-caption\"><a rel=\"noreferrer noopener\" href=\"https:\/\/www.linkedin.com\/in\/agillhuber\" data-type=\"URL\" data-id=\"https:\/\/www.linkedin.com\/in\/agillhuber\" target=\"_blank\">Andreas Gillhuber<br><\/a>Co-CEO Alexander Thamm GmbH &amp; CFO German Data Science Society e.V.<\/figcaption><\/figure>\n<\/div>\n\n\n\n<div class=\"wp-block-column is-layout-flow wp-block-column-is-layout-flow\">\n<figure class=\"wp-block-image aligncenter size-large is-resized\"><img loading=\"lazy\" decoding=\"async\" src=\"https:\/\/www.hcilab.org\/ai-meets-entrepreneurs\/wp-content\/uploads\/sites\/3\/2022\/12\/Jelena_Spanjol-1024x1024.png\" alt=\"\" class=\"wp-image-86\" width=\"200\" height=\"200\" srcset=\"https:\/\/www.hcilab.org\/ai-meets-entrepreneurs\/wp-content\/uploads\/sites\/3\/2022\/12\/Jelena_Spanjol-1024x1024.png 1024w, https:\/\/www.hcilab.org\/ai-meets-entrepreneurs\/wp-content\/uploads\/sites\/3\/2022\/12\/Jelena_Spanjol-300x300.png 300w, https:\/\/www.hcilab.org\/ai-meets-entrepreneurs\/wp-content\/uploads\/sites\/3\/2022\/12\/Jelena_Spanjol-150x150.png 150w, https:\/\/www.hcilab.org\/ai-meets-entrepreneurs\/wp-content\/uploads\/sites\/3\/2022\/12\/Jelena_Spanjol-768x768.png 768w, https:\/\/www.hcilab.org\/ai-meets-entrepreneurs\/wp-content\/uploads\/sites\/3\/2022\/12\/Jelena_Spanjol.png 1117w\" sizes=\"auto, (max-width: 200px) 100vw, 200px\" \/><figcaption class=\"wp-element-caption\"><a href=\"https:\/\/www.en.iim.bwl.uni-muenchen.de\/personen\/professoren\/spanjol\/index.html\" data-type=\"URL\" data-id=\"https:\/\/www.en.iim.bwl.uni-muenchen.de\/personen\/professoren\/spanjol\/index.html\" target=\"_blank\" rel=\"noreferrer noopener\">Prof. Jelena Spanjol<br><\/a>Institute for Innovation Management<br>LMU Munich<\/figcaption><\/figure>\n<\/div>\n<\/div>\n\n\n\n<h3 class=\"wp-block-heading\">Registration<\/h3>\n\n\n\n<p>Please fill out our <a href=\"https:\/\/migroup.qualtrics.com\/jfe\/form\/SV_bQ13uIC493OdttQ\" data-type=\"URL\" data-id=\"https:\/\/migroup.qualtrics.com\/jfe\/form\/SV_bQ13uIC493OdttQ\"><s>registration form<\/s><\/a> to receive information about location and last minute changes.<\/p>\n\n\n\n<p><strong>ImpACTup! &#8211; Certificate:<br><\/strong>Students enrolled in the IEC Programm who want to receive a certificate for this event will have to be present on both days and write a two-page paper about their groups&#8217; Start-Up idea. Please reach out to <a href=\"mailto:M.Kozak@campus.lmu.de\" data-type=\"mailto\" data-id=\"mailto:M.Kozak@campus.lmu.de\" target=\"_blank\" rel=\"noreferrer noopener\">Margarita Kozak<\/a>, if you have questions regarding this.<\/p>\n\n\n\n<div style=\"height:50px\" aria-hidden=\"true\" class=\"wp-block-spacer\"><\/div>\n\n\n\n<div class=\"wp-block-columns is-layout-flex wp-container-core-columns-is-layout-28f84493 wp-block-columns-is-layout-flex\">\n<div class=\"wp-block-column is-layout-flow wp-block-column-is-layout-flow\" style=\"flex-basis:100%\">\n<div class=\"wp-block-group has-global-padding is-layout-constrained wp-block-group-is-layout-constrained\">\n<div class=\"wp-block-columns is-layout-flex wp-container-core-columns-is-layout-28f84493 wp-block-columns-is-layout-flex\">\n<div class=\"wp-block-column is-layout-flow wp-block-column-is-layout-flow\">\n<figure class=\"wp-block-image size-full\"><a href=\"http:\/\/www.medien.ifi.lmu.de\" target=\"_blank\" rel=\"noreferrer noopener\"><img loading=\"lazy\" decoding=\"async\" width=\"768\" height=\"402\" src=\"https:\/\/www.hcilab.org\/ai-meets-entrepreneurs\/wp-content\/uploads\/sites\/3\/2022\/12\/LMU_Muenchen_Logo.svg_-768x402-1.png\" alt=\"\" class=\"wp-image-55\" srcset=\"https:\/\/www.hcilab.org\/ai-meets-entrepreneurs\/wp-content\/uploads\/sites\/3\/2022\/12\/LMU_Muenchen_Logo.svg_-768x402-1.png 768w, https:\/\/www.hcilab.org\/ai-meets-entrepreneurs\/wp-content\/uploads\/sites\/3\/2022\/12\/LMU_Muenchen_Logo.svg_-768x402-1-300x157.png 300w\" sizes=\"auto, (max-width: 768px) 100vw, 768px\" \/><\/a><\/figure>\n<\/div>\n\n\n\n<div class=\"wp-block-column is-layout-flow wp-block-column-is-layout-flow\">\n<figure class=\"wp-block-image size-large\"><img loading=\"lazy\" decoding=\"async\" width=\"1024\" height=\"410\" src=\"https:\/\/www.hcilab.org\/ai-meets-entrepreneurs\/wp-content\/uploads\/sites\/3\/2023\/05\/MCML_Logo-1024x410.png\" alt=\"\" class=\"wp-image-155\" srcset=\"https:\/\/www.hcilab.org\/ai-meets-entrepreneurs\/wp-content\/uploads\/sites\/3\/2023\/05\/MCML_Logo-1024x410.png 1024w, https:\/\/www.hcilab.org\/ai-meets-entrepreneurs\/wp-content\/uploads\/sites\/3\/2023\/05\/MCML_Logo-300x120.png 300w, https:\/\/www.hcilab.org\/ai-meets-entrepreneurs\/wp-content\/uploads\/sites\/3\/2023\/05\/MCML_Logo-768x307.png 768w, https:\/\/www.hcilab.org\/ai-meets-entrepreneurs\/wp-content\/uploads\/sites\/3\/2023\/05\/MCML_Logo-1536x614.png 1536w, https:\/\/www.hcilab.org\/ai-meets-entrepreneurs\/wp-content\/uploads\/sites\/3\/2023\/05\/MCML_Logo.png 2000w\" sizes=\"auto, (max-width: 1024px) 100vw, 1024px\" \/><\/figure>\n<\/div>\n\n\n\n<div class=\"wp-block-column is-layout-flow wp-block-column-is-layout-flow\">\n<figure class=\"wp-block-image size-full\"><a href=\"https:\/\/www.iec.uni-muenchen.de\/index.html\" target=\"_blank\" rel=\"noreferrer noopener\"><img loading=\"lazy\" decoding=\"async\" width=\"329\" height=\"153\" src=\"https:\/\/www.hcilab.org\/ai-meets-entrepreneurs\/wp-content\/uploads\/sites\/3\/2022\/12\/IEC-Logo.png\" alt=\"\" class=\"wp-image-77\" srcset=\"https:\/\/www.hcilab.org\/ai-meets-entrepreneurs\/wp-content\/uploads\/sites\/3\/2022\/12\/IEC-Logo.png 329w, https:\/\/www.hcilab.org\/ai-meets-entrepreneurs\/wp-content\/uploads\/sites\/3\/2022\/12\/IEC-Logo-300x140.png 300w\" sizes=\"auto, (max-width: 329px) 100vw, 329px\" \/><\/a><\/figure>\n<\/div>\n<\/div>\n<\/div>\n<\/div>\n<\/div>\n\n\n\n<div class=\"wp-block-columns is-layout-flex wp-container-core-columns-is-layout-28f84493 wp-block-columns-is-layout-flex\">\n<div class=\"wp-block-column is-layout-flow wp-block-column-is-layout-flow\">\n<figure class=\"wp-block-image size-full\"><a href=\"https:\/\/www.uni-augsburg.de\/en\/\" target=\"_blank\" rel=\"noreferrer noopener\"><img loading=\"lazy\" decoding=\"async\" width=\"1000\" height=\"352\" src=\"https:\/\/www.hcilab.org\/ai-meets-entrepreneurs\/wp-content\/uploads\/sites\/3\/2022\/12\/UniA_Logo.png\" alt=\"\" class=\"wp-image-76\" srcset=\"https:\/\/www.hcilab.org\/ai-meets-entrepreneurs\/wp-content\/uploads\/sites\/3\/2022\/12\/UniA_Logo.png 1000w, https:\/\/www.hcilab.org\/ai-meets-entrepreneurs\/wp-content\/uploads\/sites\/3\/2022\/12\/UniA_Logo-300x106.png 300w, https:\/\/www.hcilab.org\/ai-meets-entrepreneurs\/wp-content\/uploads\/sites\/3\/2022\/12\/UniA_Logo-768x270.png 768w\" sizes=\"auto, (max-width: 1000px) 100vw, 1000px\" \/><\/a><\/figure>\n<\/div>\n\n\n\n<div class=\"wp-block-column is-vertically-aligned-top is-layout-flow wp-block-column-is-layout-flow\">\n<figure class=\"wp-block-image aligncenter size-large\"><img loading=\"lazy\" decoding=\"async\" width=\"1551\" height=\"689\" src=\"https:\/\/www.hcilab.org\/ai-meets-entrepreneurs\/wp-content\/uploads\/sites\/3\/2022\/12\/impACTup_Keyvisual_zweizeilig-edited.png\" alt=\"\" class=\"wp-image-117\" srcset=\"https:\/\/www.hcilab.org\/ai-meets-entrepreneurs\/wp-content\/uploads\/sites\/3\/2022\/12\/impACTup_Keyvisual_zweizeilig-edited.png 1551w, https:\/\/www.hcilab.org\/ai-meets-entrepreneurs\/wp-content\/uploads\/sites\/3\/2022\/12\/impACTup_Keyvisual_zweizeilig-edited-300x133.png 300w, https:\/\/www.hcilab.org\/ai-meets-entrepreneurs\/wp-content\/uploads\/sites\/3\/2022\/12\/impACTup_Keyvisual_zweizeilig-edited-1024x455.png 1024w, https:\/\/www.hcilab.org\/ai-meets-entrepreneurs\/wp-content\/uploads\/sites\/3\/2022\/12\/impACTup_Keyvisual_zweizeilig-edited-768x341.png 768w, https:\/\/www.hcilab.org\/ai-meets-entrepreneurs\/wp-content\/uploads\/sites\/3\/2022\/12\/impACTup_Keyvisual_zweizeilig-edited-1536x682.png 1536w\" sizes=\"auto, (max-width: 1551px) 100vw, 1551px\" \/><\/figure>\n<\/div>\n\n\n\n<div class=\"wp-block-column is-layout-flow wp-block-column-is-layout-flow\">\n<figure class=\"wp-block-image size-large\"><a href=\"https:\/\/www.bayern-innovativ.de\" target=\"_blank\" rel=\"noreferrer noopener\"><img loading=\"lazy\" decoding=\"async\" width=\"1024\" height=\"258\" src=\"https:\/\/www.hcilab.org\/ai-meets-entrepreneurs\/wp-content\/uploads\/sites\/3\/2022\/12\/bayern-innovativ-logo-mit-claim-1024x258.png\" alt=\"\" class=\"wp-image-56\" srcset=\"https:\/\/www.hcilab.org\/ai-meets-entrepreneurs\/wp-content\/uploads\/sites\/3\/2022\/12\/bayern-innovativ-logo-mit-claim-1024x258.png 1024w, https:\/\/www.hcilab.org\/ai-meets-entrepreneurs\/wp-content\/uploads\/sites\/3\/2022\/12\/bayern-innovativ-logo-mit-claim-300x76.png 300w, https:\/\/www.hcilab.org\/ai-meets-entrepreneurs\/wp-content\/uploads\/sites\/3\/2022\/12\/bayern-innovativ-logo-mit-claim-768x194.png 768w, https:\/\/www.hcilab.org\/ai-meets-entrepreneurs\/wp-content\/uploads\/sites\/3\/2022\/12\/bayern-innovativ-logo-mit-claim-1536x388.png 1536w, https:\/\/www.hcilab.org\/ai-meets-entrepreneurs\/wp-content\/uploads\/sites\/3\/2022\/12\/bayern-innovativ-logo-mit-claim-2048x517.png 2048w\" sizes=\"auto, (max-width: 1024px) 100vw, 1024px\" \/><\/a><\/figure>\n<\/div>\n<\/div>\n","protected":false},"excerpt":{"rendered":"<p>November 17., 2023Freskensaal @ LMU Main BuildingLudwigstra\u00dfe 28, 80539 Munich(close to Geschwister-Scholl-Platz 1) November 18., 2023Netlight Office M\u00fcnchenPrannerstra\u00dfe 4, 80333 Munich Organizers:Munich Center for Machine Learning (Dr. Thomas Meier, Luke Haliburton)ZD.B \/ LMU Media Informatics Group (Prof. Albrecht Schmidt, Julian Rasch)impACTup! (Dr. Dominik Domnik, Dr. Esther Salvi, Konstantin Leidinger)Netlight Consulting GmbH (Moritz Hochholzner)Contact: Julian Rasch [&hellip;]<\/p>\n","protected":false},"author":23,"featured_media":0,"parent":0,"menu_order":0,"comment_status":"closed","ping_status":"closed","template":"","meta":{"footnotes":""},"class_list":["post-153","page","type-page","status-publish","hentry"],"_links":{"self":[{"href":"https:\/\/www.hcilab.org\/ai-meets-entrepreneurs\/wp-json\/wp\/v2\/pages\/153","targetHints":{"allow":["GET"]}}],"collection":[{"href":"https:\/\/www.hcilab.org\/ai-meets-entrepreneurs\/wp-json\/wp\/v2\/pages"}],"about":[{"href":"https:\/\/www.hcilab.org\/ai-meets-entrepreneurs\/wp-json\/wp\/v2\/types\/page"}],"author":[{"embeddable":true,"href":"https:\/\/www.hcilab.org\/ai-meets-entrepreneurs\/wp-json\/wp\/v2\/users\/23"}],"replies":[{"embeddable":true,"href":"https:\/\/www.hcilab.org\/ai-meets-entrepreneurs\/wp-json\/wp\/v2\/comments?post=153"}],"version-history":[{"count":42,"href":"https:\/\/www.hcilab.org\/ai-meets-entrepreneurs\/wp-json\/wp\/v2\/pages\/153\/revisions"}],"predecessor-version":[{"id":243,"href":"https:\/\/www.hcilab.org\/ai-meets-entrepreneurs\/wp-json\/wp\/v2\/pages\/153\/revisions\/243"}],"wp:attachment":[{"href":"https:\/\/www.hcilab.org\/ai-meets-entrepreneurs\/wp-json\/wp\/v2\/media?parent=153"}],"curies":[{"name":"wp","href":"https:\/\/api.w.org\/{rel}","templated":true}]}}