{"id":217,"date":"2023-11-28T10:40:17","date_gmt":"2023-11-28T10:40:17","guid":{"rendered":"https:\/\/www.hcilab.org\/event\/?page_id=217"},"modified":"2023-12-14T16:35:45","modified_gmt":"2023-12-14T16:35:45","slug":"lernen-ki","status":"publish","type":"page","link":"https:\/\/www.hcilab.org\/event\/lernen-ki\/","title":{"rendered":"Zukunftstechnologien in der Bildung \u2013 Lehren und Lernen mit und \u00fcber KI"},"content":{"rendered":"\n<ul class=\"wp-block-list\">\n<li><strong>Wann?<\/strong> Donnerstag 14.12.2023 um 18:00 Uhr s.t.<\/li>\n\n\n\n<li><strong>Wo?<\/strong> <strong>In Pr\u00e4senz:<\/strong> Ludwig-Maximilians-Universit\u00e4t M\u00fcnchen, Hauptgeb\u00e4ude (Geschwister-Scholl-Platz 1 in 80539 M\u00fcnchen) (Raum A 021) (<a rel=\"noreferrer noopener\" href=\"https:\/\/goo.gl\/maps\/KGbqDx5LzcmYqouR9\" target=\"_blank\">Maps<\/a>)<\/li>\n\n\n\n<li><strong>Livestream<\/strong>: <a href=\"https:\/\/www.youtube.com\/watch?v=5JS91bc5twk\">https:\/\/www.youtube.com\/watch?v=5JS91bc5twk<\/a><\/li>\n<\/ul>\n\n\n\n<figure class=\"wp-block-image size-large\"><img loading=\"lazy\" decoding=\"async\" width=\"1024\" height=\"683\" src=\"https:\/\/www.hcilab.org\/event\/wp-content\/uploads\/sites\/4\/2023\/12\/KISchule-1024x683.jpg\" alt=\"\" class=\"wp-image-223\" srcset=\"https:\/\/www.hcilab.org\/event\/wp-content\/uploads\/sites\/4\/2023\/12\/KISchule-1024x683.jpg 1024w, https:\/\/www.hcilab.org\/event\/wp-content\/uploads\/sites\/4\/2023\/12\/KISchule-300x200.jpg 300w, https:\/\/www.hcilab.org\/event\/wp-content\/uploads\/sites\/4\/2023\/12\/KISchule-768x512.jpg 768w, https:\/\/www.hcilab.org\/event\/wp-content\/uploads\/sites\/4\/2023\/12\/KISchule-1536x1024.jpg 1536w, https:\/\/www.hcilab.org\/event\/wp-content\/uploads\/sites\/4\/2023\/12\/KISchule-2048x1365.jpg 2048w\" sizes=\"auto, (max-width: 1024px) 100vw, 1024px\" \/><\/figure>\n\n\n\n<p>Mit der \u00f6ffentlichkeitswirksamen Verbreitung von ChatGPT ist KI auch der Gesellschaft zug\u00e4nglich und erlaubt Einsichten in die M\u00f6glichkeiten und Grenzen dieser Werkzeuge. In diesem Kontext steht deren Einsatz im Bildungsbereich auch zusehends im Zentrum \u00f6ffentlicher Diskussionen.<br>Die Veranstaltung gibt Einblicke in den aktuellen Stand diesbez\u00fcglicher Projekt- und Forschungsarbeiten und gibt den Besucherinnen und Besuchern auch M\u00f6glichkeiten zum selbst Ausprobieren.<\/p>\n\n\n\n<h2 class=\"wp-block-heading\">Agenda<\/h2>\n\n\n\n<figure class=\"wp-block-table is-style-regular\"><table class=\"has-base-background-color has-background\"><tbody><tr><td>18:00 &#8211; 18:25<\/td><td>KI im Unterricht aus Sicht von Mensch-Technik-Interaktion und Physikdidaktik (<strong>Albrecht Schmidt<\/strong> &amp; <strong>Jochen Kuhn<\/strong>)<\/td><\/tr><tr><td>18:25 &#8211; 18:45<\/td><td>Fairness-Aspekte von KI aus Sicht der Sozialwissenschaften (<strong>Frauke Kreuter)<\/strong><\/td><\/tr><tr><td>18:45 &#8211; 19:05<\/td><td>KI@School \u2013 ein Pilotprojekt mit der Schulpraxis (<strong>Eva Stolpmann<\/strong>)<\/td><\/tr><tr><td>19:05 &#8211; 19:25<\/td><td>KI im Unterricht aus l\u00e4nder\u00fcbergreifender Sicht (<strong>Gerhard Waschler<\/strong>, CSU Bayern; <strong>Philipp Breiner<\/strong>, CDU Hessen)<\/td><\/tr><tr><td>19:30 <\/td><td>KI-Lernexponate selbst ergr\u00fcnden und Umtrunk (<strong>Lichthof<\/strong>)<\/td><\/tr><\/tbody><\/table><\/figure>\n\n\n\n<figure class=\"wp-block-image size-full\"><img loading=\"lazy\" decoding=\"async\" width=\"1024\" height=\"768\" src=\"https:\/\/www.hcilab.org\/event\/wp-content\/uploads\/sites\/4\/2023\/12\/photo_2023-12-08_13-01-05.jpg\" alt=\"\" class=\"wp-image-227\" srcset=\"https:\/\/www.hcilab.org\/event\/wp-content\/uploads\/sites\/4\/2023\/12\/photo_2023-12-08_13-01-05.jpg 1024w, https:\/\/www.hcilab.org\/event\/wp-content\/uploads\/sites\/4\/2023\/12\/photo_2023-12-08_13-01-05-300x225.jpg 300w, https:\/\/www.hcilab.org\/event\/wp-content\/uploads\/sites\/4\/2023\/12\/photo_2023-12-08_13-01-05-768x576.jpg 768w\" sizes=\"auto, (max-width: 1024px) 100vw, 1024px\" \/><\/figure>\n\n\n\n<h2 class=\"wp-block-heading\">Demos<\/h2>\n\n\n\n<figure class=\"wp-block-table\"><table><tbody><tr><td><strong>Walk the Graph<\/strong>: KI-basierte Vorhersage zum \u201eGraphenlaufen\u201c<\/td><\/tr><tr><td><strong>KI4SCool:<\/strong> Konzeptlernen und Fehlvorstellungen reduzieren mit personalisiertem ePortfolio<\/td><\/tr><tr><td><strong>Leap:<\/strong> Feedback-Tool mit GPT-Anbindung <\/td><\/tr><tr><td>Lernmotivation durch personalisierte Aufgabenstellungen erh\u00f6hen<\/td><\/tr><tr><td><strong>HyperMind:<\/strong> Blickdatenbasiertes, \u201eintelligentes\u201d Schulbuch<\/td><\/tr><\/tbody><\/table><\/figure>\n\n\n\n<h2 class=\"wp-block-heading\">Posters<\/h2>\n\n\n\n<figure class=\"wp-block-table\"><table><tbody><tr><td>Investigating Opportunities for Active Smart Assistants to Initiate Interactions With Users &#8211; <strong>Jan Leusmann<\/strong>, Jannik Wiese, Moritz Ziarko, Sven Mayer<\/td><\/tr><\/tbody><\/table><\/figure>\n\n\n\n<h2 class=\"wp-block-heading\">Veranstalter<\/h2>\n\n\n\n<div class=\"wp-block-columns are-vertically-aligned-top is-layout-flex wp-container-core-columns-is-layout-28f84493 wp-block-columns-is-layout-flex\">\n<div class=\"wp-block-column is-vertically-aligned-top is-layout-flow wp-block-column-is-layout-flow\">\n<figure class=\"wp-block-image aligncenter size-full is-resized is-style-rounded\"><img loading=\"lazy\" decoding=\"async\" src=\"https:\/\/www.hcilab.org\/event\/wp-content\/uploads\/sites\/4\/2023\/02\/foto_kuhn-edited.jpg\" alt=\"\" class=\"wp-image-103\" width=\"200\" height=\"200\" srcset=\"https:\/\/www.hcilab.org\/event\/wp-content\/uploads\/sites\/4\/2023\/02\/foto_kuhn-edited.jpg 250w, https:\/\/www.hcilab.org\/event\/wp-content\/uploads\/sites\/4\/2023\/02\/foto_kuhn-edited-150x150.jpg 150w\" sizes=\"auto, (max-width: 200px) 100vw, 200px\" \/><figcaption class=\"wp-element-caption\"><strong><strong>Jochen Kuhn<\/strong><br><\/strong>Physikdidaktik<\/figcaption><\/figure>\n<\/div>\n\n\n\n<div class=\"wp-block-column is-vertically-aligned-top is-layout-flow wp-block-column-is-layout-flow\">\n<figure class=\"wp-block-image aligncenter size-large is-resized is-style-rounded\"><img loading=\"lazy\" decoding=\"async\" src=\"https:\/\/www.hcilab.org\/event\/wp-content\/uploads\/sites\/4\/2023\/02\/horizontal-albrechtSchmidt-edited.jpg\" alt=\"\" class=\"wp-image-107\" width=\"200\" height=\"200\" srcset=\"https:\/\/www.hcilab.org\/event\/wp-content\/uploads\/sites\/4\/2023\/02\/horizontal-albrechtSchmidt-edited.jpg 1722w, https:\/\/www.hcilab.org\/event\/wp-content\/uploads\/sites\/4\/2023\/02\/horizontal-albrechtSchmidt-edited-300x300.jpg 300w, https:\/\/www.hcilab.org\/event\/wp-content\/uploads\/sites\/4\/2023\/02\/horizontal-albrechtSchmidt-edited-1024x1024.jpg 1024w, https:\/\/www.hcilab.org\/event\/wp-content\/uploads\/sites\/4\/2023\/02\/horizontal-albrechtSchmidt-edited-150x150.jpg 150w, https:\/\/www.hcilab.org\/event\/wp-content\/uploads\/sites\/4\/2023\/02\/horizontal-albrechtSchmidt-edited-768x768.jpg 768w, https:\/\/www.hcilab.org\/event\/wp-content\/uploads\/sites\/4\/2023\/02\/horizontal-albrechtSchmidt-edited-1536x1536.jpg 1536w\" sizes=\"auto, (max-width: 200px) 100vw, 200px\" \/><figcaption class=\"wp-element-caption\"><strong><strong>Albrecht Schmidt<\/strong><br><\/strong>Medieninformatik<\/figcaption><\/figure>\n<\/div>\n<\/div>\n\n\n\n<p><\/p>\n\n\n\n<h2 class=\"wp-block-heading\">Location<\/h2>\n\n\n\n<p>Hauptgeb\u00e4ude (Geschwister-Scholl-Platz 1 in 80539 M\u00fcnchen) im Raum A-021<\/p>\n\n\n\n<p align=\"center\"><a href=\"https:\/\/www.maps.ie\/distance-area-calculator.html\">measure acres\/hectares on map<\/a><\/p>\n\n\n\n<figure class=\"wp-block-image aligncenter size-medium\"><img loading=\"lazy\" decoding=\"async\" width=\"300\" height=\"157\" src=\"https:\/\/www.hcilab.org\/event\/wp-content\/uploads\/sites\/4\/2023\/01\/LMU_Muenchen_Logo.svg-1-300x157.png\" alt=\"\" class=\"wp-image-40\" srcset=\"https:\/\/www.hcilab.org\/event\/wp-content\/uploads\/sites\/4\/2023\/01\/LMU_Muenchen_Logo.svg-1-300x157.png 300w, https:\/\/www.hcilab.org\/event\/wp-content\/uploads\/sites\/4\/2023\/01\/LMU_Muenchen_Logo.svg-1.png 760w\" sizes=\"auto, (max-width: 300px) 100vw, 300px\" \/><\/figure>\n\n\n\n<p>Contact: albrecht.schmidt@acm.org<\/p>\n\n\n\n<p><a href=\"https:\/\/www.hcilab.org\/impressum\/\">Impressum<\/a><\/p>\n","protected":false},"excerpt":{"rendered":"<p>Mit der \u00f6ffentlichkeitswirksamen Verbreitung von ChatGPT ist KI auch der Gesellschaft zug\u00e4nglich und erlaubt Einsichten in die M\u00f6glichkeiten und Grenzen dieser Werkzeuge. In diesem Kontext steht deren Einsatz im Bildungsbereich auch zusehends im Zentrum \u00f6ffentlicher Diskussionen.Die Veranstaltung gibt Einblicke in den aktuellen Stand diesbez\u00fcglicher Projekt- und Forschungsarbeiten und gibt den Besucherinnen und Besuchern auch M\u00f6glichkeiten [&hellip;]<\/p>\n","protected":false},"author":25,"featured_media":0,"parent":0,"menu_order":0,"comment_status":"closed","ping_status":"closed","template":"","meta":{"footnotes":""},"class_list":["post-217","page","type-page","status-publish","hentry"],"_links":{"self":[{"href":"https:\/\/www.hcilab.org\/event\/wp-json\/wp\/v2\/pages\/217","targetHints":{"allow":["GET"]}}],"collection":[{"href":"https:\/\/www.hcilab.org\/event\/wp-json\/wp\/v2\/pages"}],"about":[{"href":"https:\/\/www.hcilab.org\/event\/wp-json\/wp\/v2\/types\/page"}],"author":[{"embeddable":true,"href":"https:\/\/www.hcilab.org\/event\/wp-json\/wp\/v2\/users\/25"}],"replies":[{"embeddable":true,"href":"https:\/\/www.hcilab.org\/event\/wp-json\/wp\/v2\/comments?post=217"}],"version-history":[{"count":8,"href":"https:\/\/www.hcilab.org\/event\/wp-json\/wp\/v2\/pages\/217\/revisions"}],"predecessor-version":[{"id":233,"href":"https:\/\/www.hcilab.org\/event\/wp-json\/wp\/v2\/pages\/217\/revisions\/233"}],"wp:attachment":[{"href":"https:\/\/www.hcilab.org\/event\/wp-json\/wp\/v2\/media?parent=217"}],"curies":[{"name":"wp","href":"https:\/\/api.w.org\/{rel}","templated":true}]}}