{"id":89,"date":"2023-02-01T13:17:40","date_gmt":"2023-02-01T13:17:40","guid":{"rendered":"https:\/\/www.hcilab.org\/event\/?page_id=89"},"modified":"2023-02-11T19:14:16","modified_gmt":"2023-02-11T19:14:16","slug":"chatgpt","status":"publish","type":"page","link":"https:\/\/www.hcilab.org\/event\/chatgpt\/","title":{"rendered":"Was ver\u00e4ndert sich f\u00fcr uns durch ChatGPT?"},"content":{"rendered":"\n<h3 class=\"wp-block-heading\">Wie werden KI-Sprachmodelle Lehren und Lernen ver\u00e4ndern?<\/h3>\n\n\n\n<ul class=\"wp-block-list\">\n<li><strong>Wann?<\/strong> Mittwoch 8.2.2023 um 18 Uhr c.t.<\/li>\n\n\n\n<li><strong>Wo?<\/strong> <strong>In Pr\u00e4senz:<\/strong> Ludwig-Maximilians-Universit\u00e4t M\u00fcnchen, Hauptgeb\u00e4ude (Geschwister-Scholl-Platz 1 in 80539 M\u00fcnchen) im Raum A-240 (<a rel=\"noreferrer noopener\" href=\"https:\/\/goo.gl\/maps\/KGbqDx5LzcmYqouR9\" target=\"_blank\">Maps<\/a>)<\/li>\n\n\n\n<li>alternative <strong>ONLINE<\/strong>: YouTube live stream und <a href=\"https:\/\/www.youtube.com\/watch?v=bbB9Ve4BzSY&amp;t=2015s&amp;ab_channel=HCUMMunich\" data-type=\"URL\" data-id=\"https:\/\/www.youtube.com\/watch?v=bbB9Ve4BzSY&amp;t=2015s&amp;ab_channel=HCUMMunich\">Aufzeichnung<\/a> (<a rel=\"noreferrer noopener\" href=\"https:\/\/www.youtube.com\/@hcummunich6808\" target=\"_blank\">https:\/\/www.youtube.com\/@hcummunich6808<\/a>)<\/li>\n<\/ul>\n\n\n\n<figure class=\"wp-block-image size-large\"><img loading=\"lazy\" decoding=\"async\" width=\"1024\" height=\"577\" src=\"https:\/\/www.hcilab.org\/event\/wp-content\/uploads\/sites\/4\/2023\/02\/chatGPT_sharepic-1024x577.png\" alt=\"\" class=\"wp-image-121\" srcset=\"https:\/\/www.hcilab.org\/event\/wp-content\/uploads\/sites\/4\/2023\/02\/chatGPT_sharepic-1024x577.png 1024w, https:\/\/www.hcilab.org\/event\/wp-content\/uploads\/sites\/4\/2023\/02\/chatGPT_sharepic-300x169.png 300w, https:\/\/www.hcilab.org\/event\/wp-content\/uploads\/sites\/4\/2023\/02\/chatGPT_sharepic-768x433.png 768w, https:\/\/www.hcilab.org\/event\/wp-content\/uploads\/sites\/4\/2023\/02\/chatGPT_sharepic.png 1099w\" sizes=\"auto, (max-width: 1024px) 100vw, 1024px\" \/><\/figure>\n\n\n\n<p>Das KI-Modell ChatGPT sorgt aktuell f\u00fcr viele Diskussionen und viele Menschen stellen sich aktuell diese Fragen. Viele Studierende und Lehrende wissen nicht so genau wissen, wohin Entwicklungen wie chatGPT f\u00fchren. Das Sprachmodell kann Texte schreiben, programmieren und auf Fragen antworten. Welche M\u00f6glichkeiten und Herausforderungen bedeuten solche Entwicklungen K\u00fcnstlicher Intelligenz f\u00fcr Bildungsinstitutionen?<\/p>\n\n\n\n<p>Es zeichnet sich ab, dass mit solchen <a href=\"https:\/\/www.hcilab.org\/ai-tools-directory\/\">KI-Werkzeuge<\/a> neue Lernformen entstehen. ChatGPT ist nur ein Beispiele &#8211; es gibt eine <a href=\"https:\/\/www.hcilab.org\/ai-tools-directory\/\">vielzahl an KI-Werkzeugen (hier eine Liste mit Beispielen)<\/a>. Arbeits- und Pr\u00fcfungsformen m\u00fcssen \u00fcberdacht werden. Es geht nicht darum vermeidlich einfache L\u00f6sungen zu kommunizieren, sondern um zum Diskurs beizutragen.  In der Verstaltung diskutieren Expert:innen der Ludwig-Maximilians-Universit\u00e4t M\u00fcnchen (LMU) in interdiszipli\u00e4rer Runde.<\/p>\n\n\n\n<p>Zu diesem Diskurs m\u00f6chten Expertinnen und Experten verschiedener Disziplinen der LMU beitragen. Bei einer Veranstaltung an der LMU werden sie vorstellen, was das KI-Modell derzeit kann und welche Entwicklungen zu erwarten sind. Anschlie\u00dfend werden m\u00f6gliche Auswirkungen auf Lehren und Lernen aus verschiedenen fachlichen Perspektiven diskutiert.<\/p>\n\n\n\n<h2 class=\"wp-block-heading\">Agenda<\/h2>\n\n\n\n<figure class=\"wp-block-table is-style-regular\"><table class=\"has-base-background-color has-background\"><tbody><tr><td>18:15 &#8211; 18:20<\/td><td>Willkommen<\/td><\/tr><tr><td>18:20 &#8211; 18:35<\/td><td>Beispiele was aktuell ChatGPT kann und Perspektive\/Spekulation der Entwicklung in den n\u00e4chsten Jahren<\/td><\/tr><tr><td>18:35 &#8211; 18:45<\/td><td>Kurze Vorstellungsrunde der Expert:innen<\/td><\/tr><tr><td>18:45 &#8211; 19:15<\/td><td>Fragen in die Teilnehmerrunde<\/td><\/tr><tr><td>19:15 &#8211; 19:45<\/td><td>Fragen aus dem Publikum<\/td><\/tr><\/tbody><\/table><\/figure>\n\n\n\n<h2 class=\"wp-block-heading\">Expert:innen<\/h2>\n\n\n\n<div class=\"wp-block-columns are-vertically-aligned-top is-layout-flex wp-container-core-columns-is-layout-28f84493 wp-block-columns-is-layout-flex\">\n<div class=\"wp-block-column is-vertically-aligned-top is-layout-flow wp-block-column-is-layout-flow\">\n<figure class=\"wp-block-image aligncenter size-full is-resized is-style-rounded\"><img loading=\"lazy\" decoding=\"async\" src=\"https:\/\/www.hcilab.org\/event\/wp-content\/uploads\/sites\/4\/2023\/02\/hauck-thum-edited.jpg\" alt=\"\" class=\"wp-image-98\" width=\"200\" height=\"200\"\/><figcaption class=\"wp-element-caption\"><strong><strong>Uta Hauck-Thum <\/strong><\/strong>Grundschulp\u00e4dagogik<\/figcaption><\/figure>\n\n\n\n<figure class=\"wp-block-image aligncenter size-full is-resized is-style-rounded\"><img loading=\"lazy\" decoding=\"async\" src=\"https:\/\/www.hcilab.org\/event\/wp-content\/uploads\/sites\/4\/2023\/02\/kreuter_2012.webp\" alt=\"\" class=\"wp-image-104\" width=\"200\" height=\"200\" srcset=\"https:\/\/www.hcilab.org\/event\/wp-content\/uploads\/sites\/4\/2023\/02\/kreuter_2012.webp 870w, https:\/\/www.hcilab.org\/event\/wp-content\/uploads\/sites\/4\/2023\/02\/kreuter_2012-300x300.webp 300w, https:\/\/www.hcilab.org\/event\/wp-content\/uploads\/sites\/4\/2023\/02\/kreuter_2012-150x150.webp 150w, https:\/\/www.hcilab.org\/event\/wp-content\/uploads\/sites\/4\/2023\/02\/kreuter_2012-768x769.webp 768w\" sizes=\"auto, (max-width: 200px) 100vw, 200px\" \/><figcaption class=\"wp-element-caption\"><strong><strong><strong><strong>Frauke Kreuter<\/strong><br><\/strong><\/strong><\/strong>Statistics and Data Science in Social Sciences<\/figcaption><\/figure>\n<\/div>\n\n\n\n<div class=\"wp-block-column is-vertically-aligned-top is-layout-flow wp-block-column-is-layout-flow\">\n<figure class=\"wp-block-image aligncenter size-full is-resized is-style-rounded\"><img loading=\"lazy\" decoding=\"async\" src=\"https:\/\/www.hcilab.org\/event\/wp-content\/uploads\/sites\/4\/2023\/02\/jochenweller_dsc04742_quad_1_1_format_m.jpg\" alt=\"\" class=\"wp-image-101\" width=\"200\" height=\"200\" srcset=\"https:\/\/www.hcilab.org\/event\/wp-content\/uploads\/sites\/4\/2023\/02\/jochenweller_dsc04742_quad_1_1_format_m.jpg 600w, https:\/\/www.hcilab.org\/event\/wp-content\/uploads\/sites\/4\/2023\/02\/jochenweller_dsc04742_quad_1_1_format_m-300x300.jpg 300w, https:\/\/www.hcilab.org\/event\/wp-content\/uploads\/sites\/4\/2023\/02\/jochenweller_dsc04742_quad_1_1_format_m-150x150.jpg 150w\" sizes=\"auto, (max-width: 200px) 100vw, 200px\" \/><figcaption class=\"wp-element-caption\"><strong>Jochen Weller <\/strong><br>Studiendekan der Physik<\/figcaption><\/figure>\n\n\n\n<figure class=\"wp-block-image aligncenter size-medium is-resized is-style-rounded\"><img loading=\"lazy\" decoding=\"async\" src=\"https:\/\/www.hcilab.org\/event\/wp-content\/uploads\/sites\/4\/2023\/02\/Schuetze-c_172_s-edited-300x300.jpg\" alt=\"\" class=\"wp-image-100\" width=\"200\" height=\"200\" srcset=\"https:\/\/www.hcilab.org\/event\/wp-content\/uploads\/sites\/4\/2023\/02\/Schuetze-c_172_s-edited-300x300.jpg 300w, https:\/\/www.hcilab.org\/event\/wp-content\/uploads\/sites\/4\/2023\/02\/Schuetze-c_172_s-edited-150x150.jpg 150w, https:\/\/www.hcilab.org\/event\/wp-content\/uploads\/sites\/4\/2023\/02\/Schuetze-c_172_s-edited-768x768.jpg 768w, https:\/\/www.hcilab.org\/event\/wp-content\/uploads\/sites\/4\/2023\/02\/Schuetze-c_172_s-edited.jpg 810w\" sizes=\"auto, (max-width: 200px) 100vw, 200px\" \/><figcaption class=\"wp-element-caption\"><strong><strong>Hinrich Sch\u00fctze<\/strong><br><\/strong>Center for Information and Language Processing<\/figcaption><\/figure>\n<\/div>\n\n\n\n<div class=\"wp-block-column is-vertically-aligned-top is-layout-flow wp-block-column-is-layout-flow\">\n<figure class=\"wp-block-image aligncenter size-full is-resized is-style-rounded\"><img loading=\"lazy\" decoding=\"async\" src=\"https:\/\/www.hcilab.org\/event\/wp-content\/uploads\/sites\/4\/2023\/02\/foto_kuhn-edited.jpg\" alt=\"\" class=\"wp-image-103\" width=\"200\" height=\"200\" srcset=\"https:\/\/www.hcilab.org\/event\/wp-content\/uploads\/sites\/4\/2023\/02\/foto_kuhn-edited.jpg 250w, https:\/\/www.hcilab.org\/event\/wp-content\/uploads\/sites\/4\/2023\/02\/foto_kuhn-edited-150x150.jpg 150w\" sizes=\"auto, (max-width: 200px) 100vw, 200px\" \/><figcaption class=\"wp-element-caption\"><strong><strong>Jochen Kuhn<\/strong><br><\/strong>Physikdidaktik<\/figcaption><\/figure>\n\n\n\n<figure class=\"wp-block-image aligncenter size-large is-resized is-style-rounded\"><img loading=\"lazy\" decoding=\"async\" src=\"https:\/\/www.hcilab.org\/event\/wp-content\/uploads\/sites\/4\/2023\/02\/horizontal-albrechtSchmidt-edited.jpg\" alt=\"\" class=\"wp-image-107\" width=\"200\" height=\"200\" srcset=\"https:\/\/www.hcilab.org\/event\/wp-content\/uploads\/sites\/4\/2023\/02\/horizontal-albrechtSchmidt-edited.jpg 1722w, https:\/\/www.hcilab.org\/event\/wp-content\/uploads\/sites\/4\/2023\/02\/horizontal-albrechtSchmidt-edited-300x300.jpg 300w, https:\/\/www.hcilab.org\/event\/wp-content\/uploads\/sites\/4\/2023\/02\/horizontal-albrechtSchmidt-edited-1024x1024.jpg 1024w, https:\/\/www.hcilab.org\/event\/wp-content\/uploads\/sites\/4\/2023\/02\/horizontal-albrechtSchmidt-edited-150x150.jpg 150w, https:\/\/www.hcilab.org\/event\/wp-content\/uploads\/sites\/4\/2023\/02\/horizontal-albrechtSchmidt-edited-768x768.jpg 768w, https:\/\/www.hcilab.org\/event\/wp-content\/uploads\/sites\/4\/2023\/02\/horizontal-albrechtSchmidt-edited-1536x1536.jpg 1536w\" sizes=\"auto, (max-width: 200px) 100vw, 200px\" \/><figcaption class=\"wp-element-caption\"><strong><strong>Albrecht Schmidt<\/strong><br><\/strong>Medieninformatik<\/figcaption><\/figure>\n<\/div>\n<\/div>\n\n\n\n<p>An der Diskussion nehmen teil: &nbsp;Professorin Uta Hauk-Thum vom Lehrstuhl f\u00fcr Grundschulp\u00e4dagogik und Grundschuldidaktik, Professorin Frauke Kreuter, Inhaberin des Lehrstuhls f\u00fcr Statistik und Data Science in den Sozial- und Humanwissenschaften, Professor Jochen Kuhn, Inhaber des Lehrstuhls f\u00fcr Didaktik der Physik, Professor Albrecht Schmidt, Inhaber des Lehrstuhls f\u00fcr Human-Centered Ubiquitous Media, Professor Hinrich Sch\u00fctze, Inhaber des Lehrstuhls f\u00fcr Computerlinguistik sowie Professor Jochen Weller, Studiendekan der Fakult\u00e4t f\u00fcr Physik.<\/p>\n\n\n\n<h2 class=\"wp-block-heading\">Location<\/h2>\n\n\n\n<p>Hauptgeb\u00e4ude (Geschwister-Scholl-Platz 1 in 80539 M\u00fcnchen) im Raum A-240<\/p>\n\n\n\n<p align=\"center\"><iframe loading=\"lazy\" width=\"100%\" height=\"600\" frameborder=\"0\" scrolling=\"no\" marginheight=\"0\" marginwidth=\"0\" src=\"https:\/\/maps.google.com\/maps?width=100%25&amp;height=600&amp;hl=en&amp;q=Geschwister-Scholl-Platz%201,%2080539%20M%C3%BCnchen+()&amp;t=&amp;z=14&amp;ie=UTF8&amp;iwloc=B&amp;output=embed\"><a href=\"https:\/\/www.maps.ie\/distance-area-calculator.html\">measure acres\/hectares on map<\/a><\/iframe><\/p>\n\n\n\n<figure class=\"wp-block-image aligncenter size-medium\"><img loading=\"lazy\" decoding=\"async\" width=\"300\" height=\"157\" src=\"https:\/\/www.hcilab.org\/event\/wp-content\/uploads\/sites\/4\/2023\/01\/LMU_Muenchen_Logo.svg-1-300x157.png\" alt=\"\" class=\"wp-image-40\" srcset=\"https:\/\/www.hcilab.org\/event\/wp-content\/uploads\/sites\/4\/2023\/01\/LMU_Muenchen_Logo.svg-1-300x157.png 300w, https:\/\/www.hcilab.org\/event\/wp-content\/uploads\/sites\/4\/2023\/01\/LMU_Muenchen_Logo.svg-1.png 760w\" sizes=\"auto, (max-width: 300px) 100vw, 300px\" \/><\/figure>\n\n\n\n<p>Contact: albrecht.schmidt@acm.org<\/p>\n\n\n\n<p><a href=\"https:\/\/www.hcilab.org\/impressum\/\">Impressum<\/a><\/p>\n","protected":false},"excerpt":{"rendered":"<p>Wie werden KI-Sprachmodelle Lehren und Lernen ver\u00e4ndern? Das KI-Modell ChatGPT sorgt aktuell f\u00fcr viele Diskussionen und viele Menschen stellen sich aktuell diese Fragen. Viele Studierende und Lehrende wissen nicht so genau wissen, wohin Entwicklungen wie chatGPT f\u00fchren. Das Sprachmodell kann Texte schreiben, programmieren und auf Fragen antworten. Welche M\u00f6glichkeiten und Herausforderungen bedeuten solche Entwicklungen K\u00fcnstlicher [&hellip;]<\/p>\n","protected":false},"author":1,"featured_media":0,"parent":0,"menu_order":0,"comment_status":"closed","ping_status":"closed","template":"","meta":{"footnotes":""},"class_list":["post-89","page","type-page","status-publish","hentry"],"_links":{"self":[{"href":"https:\/\/www.hcilab.org\/event\/wp-json\/wp\/v2\/pages\/89","targetHints":{"allow":["GET"]}}],"collection":[{"href":"https:\/\/www.hcilab.org\/event\/wp-json\/wp\/v2\/pages"}],"about":[{"href":"https:\/\/www.hcilab.org\/event\/wp-json\/wp\/v2\/types\/page"}],"author":[{"embeddable":true,"href":"https:\/\/www.hcilab.org\/event\/wp-json\/wp\/v2\/users\/1"}],"replies":[{"embeddable":true,"href":"https:\/\/www.hcilab.org\/event\/wp-json\/wp\/v2\/comments?post=89"}],"version-history":[{"count":12,"href":"https:\/\/www.hcilab.org\/event\/wp-json\/wp\/v2\/pages\/89\/revisions"}],"predecessor-version":[{"id":131,"href":"https:\/\/www.hcilab.org\/event\/wp-json\/wp\/v2\/pages\/89\/revisions\/131"}],"wp:attachment":[{"href":"https:\/\/www.hcilab.org\/event\/wp-json\/wp\/v2\/media?parent=89"}],"curies":[{"name":"wp","href":"https:\/\/api.w.org\/{rel}","templated":true}]}}